{"id":39,"date":"2017-12-28T09:29:20","date_gmt":"2017-12-28T09:29:20","guid":{"rendered":"http:\/\/www.mantsalantalomiespalvelu.fi\/?page_id=39"},"modified":"2018-01-03T13:45:36","modified_gmt":"2018-01-03T13:45:36","slug":"pihatyot","status":"publish","type":"page","link":"http:\/\/www.mantsalantalonmiespalvelu.fi\/?page_id=39","title":{"rendered":"Pihaty\u00f6t"},"content":{"rendered":"<p>Meid\u00e4n kanssa voit tehd\u00e4 kertaluonteisen tai jatkuvan sopimuksen esim. nurmikonleikkauksista tai lumit\u00f6ist\u00e4<\/p>\n<ul>\n<li>Nurmikonleikkaukset ja trimmaukset<\/li>\n<li>Pensasaitojen leikkaukset<\/li>\n<li>Haravointi<\/li>\n<li>Lumity\u00f6t<\/li>\n<li>Lumenpudotukset<\/li>\n<\/ul>\n<p>&nbsp;<\/p>\n<p>Mutta kysy my\u00f6s muita teht\u00e4vi\u00e4!<\/p>\n","protected":false},"excerpt":{"rendered":"<p>Meid\u00e4n kanssa voit tehd\u00e4 kertaluonteisen tai jatkuvan sopimuksen esim. nurmikonleikkauksista tai lumit\u00f6ist\u00e4 Nurmikonleikkaukset ja trimmaukset Pensasaitojen leikkaukset Haravointi Lumity\u00f6t Lumenpudotukset &nbsp; Mutta kysy my\u00f6s muita teht\u00e4vi\u00e4!<\/p>\n","protected":false},"author":1,"featured_media":0,"parent":96,"menu_order":0,"comment_status":"closed","ping_status":"closed","template":"","meta":{"footnotes":""},"class_list":["post-39","page","type-page","status-publish","hentry"],"_links":{"self":[{"href":"http:\/\/www.mantsalantalonmiespalvelu.fi\/index.php?rest_route=\/wp\/v2\/pages\/39","targetHints":{"allow":["GET"]}}],"collection":[{"href":"http:\/\/www.mantsalantalonmiespalvelu.fi\/index.php?rest_route=\/wp\/v2\/pages"}],"about":[{"href":"http:\/\/www.mantsalantalonmiespalvelu.fi\/index.php?rest_route=\/wp\/v2\/types\/page"}],"author":[{"embeddable":true,"href":"http:\/\/www.mantsalantalonmiespalvelu.fi\/index.php?rest_route=\/wp\/v2\/users\/1"}],"replies":[{"embeddable":true,"href":"http:\/\/www.mantsalantalonmiespalvelu.fi\/index.php?rest_route=%2Fwp%2Fv2%2Fcomments&post=39"}],"version-history":[{"count":6,"href":"http:\/\/www.mantsalantalonmiespalvelu.fi\/index.php?rest_route=\/wp\/v2\/pages\/39\/revisions"}],"predecessor-version":[{"id":110,"href":"http:\/\/www.mantsalantalonmiespalvelu.fi\/index.php?rest_route=\/wp\/v2\/pages\/39\/revisions\/110"}],"up":[{"embeddable":true,"href":"http:\/\/www.mantsalantalonmiespalvelu.fi\/index.php?rest_route=\/wp\/v2\/pages\/96"}],"wp:attachment":[{"href":"http:\/\/www.mantsalantalonmiespalvelu.fi\/index.php?rest_route=%2Fwp%2Fv2%2Fmedia&parent=39"}],"curies":[{"name":"wp","href":"https:\/\/api.w.org\/{rel}","templated":true}]}}