{"id":43,"date":"2017-12-28T09:36:09","date_gmt":"2017-12-28T09:36:09","guid":{"rendered":"http:\/\/www.mantsalantalomiespalvelu.fi\/?page_id=43"},"modified":"2017-12-28T14:28:57","modified_gmt":"2017-12-28T14:28:57","slug":"puunkaatoa","status":"publish","type":"page","link":"http:\/\/www.mantsalantalonmiespalvelu.fi\/?page_id=43","title":{"rendered":"Puunkaadot"},"content":{"rendered":"<p>Suoritamme puunkaatoa yhteisty\u00f6ss\u00e4 alan ammattilaisten kanssa. Hoidamme ty\u00f6t alusta loppuun. Puunkaato, risujen pois vienti tai haketus ja tarvittaessa kantojen jyrsint\u00e4\u00e4.<a href=\"http:\/\/www.mantsalantalomiespalvelu.fi\/wp-content\/uploads\/2017\/12\/fullsizeoutput_32.jpeg\"><img loading=\"lazy\" decoding=\"async\" class=\"wp-image-23 aligncenter\" src=\"http:\/\/www.mantsalantalomiespalvelu.fi\/wp-content\/uploads\/2017\/12\/fullsizeoutput_32-300x63.jpeg\" alt=\"\" width=\"600\" height=\"126\" srcset=\"http:\/\/www.mantsalantalonmiespalvelu.fi\/wp-content\/uploads\/2017\/12\/fullsizeoutput_32-300x63.jpeg 300w, http:\/\/www.mantsalantalonmiespalvelu.fi\/wp-content\/uploads\/2017\/12\/fullsizeoutput_32-768x162.jpeg 768w, http:\/\/www.mantsalantalonmiespalvelu.fi\/wp-content\/uploads\/2017\/12\/fullsizeoutput_32-1024x216.jpeg 1024w\" sizes=\"auto, (max-width: 600px) 100vw, 600px\" \/><\/a><\/p>\n","protected":false},"excerpt":{"rendered":"<p>Suoritamme puunkaatoa yhteisty\u00f6ss\u00e4 alan ammattilaisten kanssa. Hoidamme ty\u00f6t alusta loppuun. Puunkaato, risujen pois vienti tai haketus ja tarvittaessa kantojen jyrsint\u00e4\u00e4.<\/p>\n","protected":false},"author":1,"featured_media":0,"parent":96,"menu_order":0,"comment_status":"closed","ping_status":"closed","template":"","meta":{"footnotes":""},"class_list":["post-43","page","type-page","status-publish","hentry"],"_links":{"self":[{"href":"http:\/\/www.mantsalantalonmiespalvelu.fi\/index.php?rest_route=\/wp\/v2\/pages\/43","targetHints":{"allow":["GET"]}}],"collection":[{"href":"http:\/\/www.mantsalantalonmiespalvelu.fi\/index.php?rest_route=\/wp\/v2\/pages"}],"about":[{"href":"http:\/\/www.mantsalantalonmiespalvelu.fi\/index.php?rest_route=\/wp\/v2\/types\/page"}],"author":[{"embeddable":true,"href":"http:\/\/www.mantsalantalonmiespalvelu.fi\/index.php?rest_route=\/wp\/v2\/users\/1"}],"replies":[{"embeddable":true,"href":"http:\/\/www.mantsalantalonmiespalvelu.fi\/index.php?rest_route=%2Fwp%2Fv2%2Fcomments&post=43"}],"version-history":[{"count":3,"href":"http:\/\/www.mantsalantalonmiespalvelu.fi\/index.php?rest_route=\/wp\/v2\/pages\/43\/revisions"}],"predecessor-version":[{"id":91,"href":"http:\/\/www.mantsalantalonmiespalvelu.fi\/index.php?rest_route=\/wp\/v2\/pages\/43\/revisions\/91"}],"up":[{"embeddable":true,"href":"http:\/\/www.mantsalantalonmiespalvelu.fi\/index.php?rest_route=\/wp\/v2\/pages\/96"}],"wp:attachment":[{"href":"http:\/\/www.mantsalantalonmiespalvelu.fi\/index.php?rest_route=%2Fwp%2Fv2%2Fmedia&parent=43"}],"curies":[{"name":"wp","href":"https:\/\/api.w.org\/{rel}","templated":true}]}}