{"id":49,"date":"2017-12-28T09:46:24","date_gmt":"2017-12-28T09:46:24","guid":{"rendered":"http:\/\/www.mantsalantalomiespalvelu.fi\/?page_id=49"},"modified":"2017-12-28T14:29:08","modified_gmt":"2017-12-28T14:29:08","slug":"remontit","status":"publish","type":"page","link":"http:\/\/www.mantsalantalonmiespalvelu.fi\/?page_id=49","title":{"rendered":"Remontit"},"content":{"rendered":"<p>Teemme pieni\u00e4 remontteja. Esim.<\/p>\n<ul>\n<li>Laminaatien asennusta<\/li>\n<li>Maalaust\u00f6it\u00e4 sis\u00e4ll\u00e4 ja ulkona<\/li>\n<\/ul>\n<p><a href=\"http:\/\/www.mantsalantalonmiespalvelu.fi\/wp-content\/uploads\/2017\/12\/IMG_1205-e1514454350171.jpg\"><img loading=\"lazy\" decoding=\"async\" class=\"size-medium wp-image-51 aligncenter\" src=\"http:\/\/www.mantsalantalonmiespalvelu.fi\/wp-content\/uploads\/2017\/12\/IMG_1205-e1514454350171-225x300.jpg\" alt=\"\" width=\"225\" height=\"300\" srcset=\"http:\/\/www.mantsalantalonmiespalvelu.fi\/wp-content\/uploads\/2017\/12\/IMG_1205-e1514454350171-225x300.jpg 225w, http:\/\/www.mantsalantalonmiespalvelu.fi\/wp-content\/uploads\/2017\/12\/IMG_1205-e1514454350171-768x1024.jpg 768w\" sizes=\"auto, (max-width: 225px) 100vw, 225px\" \/><\/a><\/p>\n","protected":false},"excerpt":{"rendered":"<p>Teemme pieni\u00e4 remontteja. Esim. Laminaatien asennusta Maalaust\u00f6it\u00e4 sis\u00e4ll\u00e4 ja ulkona<\/p>\n","protected":false},"author":1,"featured_media":0,"parent":96,"menu_order":0,"comment_status":"closed","ping_status":"closed","template":"","meta":{"footnotes":""},"class_list":["post-49","page","type-page","status-publish","hentry"],"_links":{"self":[{"href":"http:\/\/www.mantsalantalonmiespalvelu.fi\/index.php?rest_route=\/wp\/v2\/pages\/49","targetHints":{"allow":["GET"]}}],"collection":[{"href":"http:\/\/www.mantsalantalonmiespalvelu.fi\/index.php?rest_route=\/wp\/v2\/pages"}],"about":[{"href":"http:\/\/www.mantsalantalonmiespalvelu.fi\/index.php?rest_route=\/wp\/v2\/types\/page"}],"author":[{"embeddable":true,"href":"http:\/\/www.mantsalantalonmiespalvelu.fi\/index.php?rest_route=\/wp\/v2\/users\/1"}],"replies":[{"embeddable":true,"href":"http:\/\/www.mantsalantalonmiespalvelu.fi\/index.php?rest_route=%2Fwp%2Fv2%2Fcomments&post=49"}],"version-history":[{"count":3,"href":"http:\/\/www.mantsalantalonmiespalvelu.fi\/index.php?rest_route=\/wp\/v2\/pages\/49\/revisions"}],"predecessor-version":[{"id":69,"href":"http:\/\/www.mantsalantalonmiespalvelu.fi\/index.php?rest_route=\/wp\/v2\/pages\/49\/revisions\/69"}],"up":[{"embeddable":true,"href":"http:\/\/www.mantsalantalonmiespalvelu.fi\/index.php?rest_route=\/wp\/v2\/pages\/96"}],"wp:attachment":[{"href":"http:\/\/www.mantsalantalonmiespalvelu.fi\/index.php?rest_route=%2Fwp%2Fv2%2Fmedia&parent=49"}],"curies":[{"name":"wp","href":"https:\/\/api.w.org\/{rel}","templated":true}]}}